{"id":6,"date":"2025-05-15T12:23:26","date_gmt":"2025-05-15T12:23:26","guid":{"rendered":"https:\/\/wallnas.se\/?page_id=6"},"modified":"2025-05-15T13:42:05","modified_gmt":"2025-05-15T13:42:05","slug":"hem","status":"publish","type":"page","link":"https:\/\/wallnas.se\/pl_pl\/","title":{"rendered":"Dom"},"content":{"rendered":"<p>[et_pb_section fb_built=&#8221;1&#8243; _builder_version=&#8221;4.27.4&#8243; _module_preset=&#8221;default&#8221; custom_margin=&#8221;0px||0px||false|false&#8221; custom_padding=&#8221;0px||0px||false|false&#8221; global_colors_info=&#8221;{}&#8221;][et_pb_row _builder_version=&#8221;4.27.4&#8243; _module_preset=&#8221;default&#8221; width=&#8221;100%&#8221; max_width=&#8221;100%&#8221; custom_padding=&#8221;0px||0px||false|false&#8221; global_colors_info=&#8221;{}&#8221;][et_pb_column type=&#8221;4_4&#8243; _builder_version=&#8221;4.27.4&#8243; _module_preset=&#8221;default&#8221; global_colors_info=&#8221;{}&#8221;][et_pb_image src=&#8221;https:\/\/wallnas.se\/wp-content\/uploads\/2025\/05\/Wallnas_sv.png&#8221; title_text=&#8221;Wallnas_sv&#8221; _builder_version=&#8221;4.27.4&#8243; _module_preset=&#8221;default&#8221; global_colors_info=&#8221;{}&#8221;][\/et_pb_image][\/et_pb_column][\/et_pb_row][\/et_pb_section][et_pb_section fb_built=&#8221;1&#8243; _builder_version=&#8221;4.27.4&#8243; _module_preset=&#8221;default&#8221; global_colors_info=&#8221;{}&#8221;][et_pb_row column_structure=&#8221;1_3,1_3,1_3&#8243; _builder_version=&#8221;4.27.4&#8243; _module_preset=&#8221;default&#8221; hover_enabled=&#8221;0&#8243; global_colors_info=&#8221;{}&#8221; use_custom_gutter=&#8221;on&#8221; sticky_enabled=&#8221;0&#8243;][et_pb_column type=&#8221;1_3&#8243; _builder_version=&#8221;4.27.4&#8243; _module_preset=&#8221;default&#8221; global_colors_info=&#8221;{}&#8221;][et_pb_blurb title=&#8221;Specialiserad p\u00e5 grova dimensioner&#8221; image=&#8221;https:\/\/wallnas.se\/wp-content\/uploads\/2025\/05\/Virkespacke_breda3.jpg&#8221; _builder_version=&#8221;4.27.4&#8243; _module_preset=&#8221;default&#8221; header_font=&#8221;|700|||||||&#8221; header_font_size=&#8221;24px&#8221; header_line_height=&#8221;1.3em&#8221; global_colors_info=&#8221;{}&#8221;]<\/p>\n<p>Huvuddelen av v\u00e5r produktion sorteras mot kundorder. Sortimentet best\u00e5r av s\u00e5gade, hyvlade och fingerskarvade produkter f\u00f6r konstruktions\u00e4ndam\u00e5l i furu och gran och av olika dimensioner, kvaliteter och l\u00e4ngder<\/p>\n<p>[\/et_pb_blurb][\/et_pb_column][et_pb_column type=&#8221;1_3&#8243; _builder_version=&#8221;4.27.4&#8243; _module_preset=&#8221;default&#8221; global_colors_info=&#8221;{}&#8221;][et_pb_blurb title=&#8221;R\u00e5vara och f\u00f6r\u00e4dling&#8221; image=&#8221;https:\/\/wallnas.se\/wp-content\/uploads\/2025\/05\/Maskin_data1.jpg&#8221; _builder_version=&#8221;4.27.4&#8243; _module_preset=&#8221;default&#8221; header_font=&#8221;|700|||||||&#8221; header_font_size=&#8221;24px&#8221; header_line_height=&#8221;1.3em&#8221; global_colors_info=&#8221;{}&#8221;]<\/p>\n<p>Vi \u00e4r med v\u00e5rt s\u00e5gverk specialiserade p\u00e5 grova och breda virkesdimensioner, och i v\u00e5ra moderna anl\u00e4ggningar fingerskarvar och hyvlar vi de flesta typer av profiler.<\/p>\n<p>[\/et_pb_blurb][\/et_pb_column][et_pb_column type=&#8221;1_3&#8243; _builder_version=&#8221;4.27.4&#8243; _module_preset=&#8221;default&#8221; global_colors_info=&#8221;{}&#8221;][et_pb_blurb title=&#8221;\u00c4r det dags att s\u00e4lja skog?&#8221; image=&#8221;https:\/\/wallnas.se\/wp-content\/uploads\/2025\/05\/Timmer_start.jpg&#8221; _builder_version=&#8221;4.27.4&#8243; _module_preset=&#8221;default&#8221; header_font=&#8221;|700|||||||&#8221; header_font_size=&#8221;24px&#8221; header_line_height=&#8221;1.3em&#8221; global_colors_info=&#8221;{}&#8221;]<\/p>\n<p>V\u00e4nd dig med f\u00f6rtroende till v\u00e5ra r\u00e5varuink\u00f6pare. Vi k\u00f6per leveranstimmer och rotposter, samt utf\u00f6r avverkningsuppdrag.<\/p>\n<p>[\/et_pb_blurb][\/et_pb_column][\/et_pb_row][\/et_pb_section]<\/p>\n","protected":false},"excerpt":{"rendered":"<p>Huvuddelen av v\u00e5r produktion sorteras mot kundorder. Sortimentet best\u00e5r av s\u00e5gade, hyvlade och fingerskarvade produkter f\u00f6r konstruktions\u00e4ndam\u00e5l i furu och gran och av olika dimensioner, kvaliteter och l\u00e4ngderVi \u00e4r med v\u00e5rt s\u00e5gverk specialiserade p\u00e5 grova och breda virkesdimensioner, och i v\u00e5ra moderna anl\u00e4ggningar fingerskarvar och hyvlar vi de flesta typer av profiler.V\u00e4nd dig med f\u00f6rtroende [&hellip;]<\/p>\n","protected":false},"author":1,"featured_media":0,"parent":0,"menu_order":0,"comment_status":"closed","ping_status":"closed","template":"","meta":{"_et_pb_use_builder":"on","_et_pb_old_content":"","_et_gb_content_width":"","footnotes":""},"class_list":["post-6","page","type-page","status-publish","hentry"],"yoast_head":"<!-- This site is optimized with the Yoast SEO plugin v27.4 - https:\/\/yoast.com\/product\/yoast-seo-wordpress\/ -->\n<title>S\u00e5gverk i J\u00f6nk\u00f6ping, Sm\u00e5land f\u00f6r grova specialdimensioner<\/title>\n<meta name=\"robots\" content=\"index, follow, max-snippet:-1, max-image-preview:large, max-video-preview:-1\" \/>\n<link rel=\"canonical\" href=\"https:\/\/wallnas.se\/pl_pl\/\" \/>\n<meta property=\"og:locale\" content=\"pl_PL\" \/>\n<meta property=\"og:type\" content=\"article\" \/>\n<meta property=\"og:title\" content=\"S\u00e5gverk i J\u00f6nk\u00f6ping, Sm\u00e5land f\u00f6r grova specialdimensioner\" \/>\n<meta property=\"og:description\" content=\"Huvuddelen av v\u00e5r produktion sorteras mot kundorder. Sortimentet best\u00e5r av s\u00e5gade, hyvlade och fingerskarvade produkter f\u00f6r konstruktions\u00e4ndam\u00e5l i furu och gran och av olika dimensioner, kvaliteter och l\u00e4ngderVi \u00e4r med v\u00e5rt s\u00e5gverk specialiserade p\u00e5 grova och breda virkesdimensioner, och i v\u00e5ra moderna anl\u00e4ggningar fingerskarvar och hyvlar vi de flesta typer av profiler.V\u00e4nd dig med f\u00f6rtroende [&hellip;]\" \/>\n<meta property=\"og:url\" content=\"https:\/\/wallnas.se\/pl_pl\/\" \/>\n<meta property=\"og:site_name\" content=\"Walln\u00e4s - S\u00e5gverk i J\u00f6nk\u00f6ping, Sm\u00e5land f\u00f6r grova specialdimensioner\" \/>\n<meta property=\"article:modified_time\" content=\"2025-05-15T13:42:05+00:00\" \/>\n<meta name=\"twitter:card\" content=\"summary_large_image\" \/>\n<meta name=\"twitter:label1\" content=\"Szacowany czas czytania\" \/>\n\t<meta name=\"twitter:data1\" content=\"2 minuty\" \/>\n<script type=\"application\/ld+json\" class=\"yoast-schema-graph\">{\"@context\":\"https:\\\/\\\/schema.org\",\"@graph\":[{\"@type\":\"WebPage\",\"@id\":\"https:\\\/\\\/wallnas.se\\\/\",\"url\":\"https:\\\/\\\/wallnas.se\\\/\",\"name\":\"S\u00e5gverk i J\u00f6nk\u00f6ping, Sm\u00e5land f\u00f6r grova specialdimensioner\",\"isPartOf\":{\"@id\":\"https:\\\/\\\/wallnas.se\\\/#website\"},\"datePublished\":\"2025-05-15T12:23:26+00:00\",\"dateModified\":\"2025-05-15T13:42:05+00:00\",\"breadcrumb\":{\"@id\":\"https:\\\/\\\/wallnas.se\\\/#breadcrumb\"},\"inLanguage\":\"pl-PL\",\"potentialAction\":[{\"@type\":\"ReadAction\",\"target\":[\"https:\\\/\\\/wallnas.se\\\/\"]}]},{\"@type\":\"BreadcrumbList\",\"@id\":\"https:\\\/\\\/wallnas.se\\\/#breadcrumb\",\"itemListElement\":[{\"@type\":\"ListItem\",\"position\":1,\"name\":\"Hem\",\"item\":\"https:\\\/\\\/wallnas.se\\\/\"},{\"@type\":\"ListItem\",\"position\":2,\"name\":\"Hem\"}]},{\"@type\":\"WebSite\",\"@id\":\"https:\\\/\\\/wallnas.se\\\/#website\",\"url\":\"https:\\\/\\\/wallnas.se\\\/\",\"name\":\"Walln\u00e4s - S\u00e5gverk i J\u00f6nk\u00f6ping, Sm\u00e5land f\u00f6r grova specialdimensioner\",\"description\":\"Vi \u00e4r specialister p\u00e5 grova virkesdimensioner och grov skog. I mer \u00e4n 100 \u00e5r \u00e4r vi k\u00e4nda f\u00f6r v\u00e5r passion f\u00f6r h\u00f6g kvalitet och kundanpassade produkter. S\u00e5gverket \u00e4r v\u00e4l anpassat f\u00f6r en effektiv hantering av grova dimensioner p\u00e5 s\u00e5gat och hyvlat virke upp till 100 x 300mm.\",\"potentialAction\":[{\"@type\":\"SearchAction\",\"target\":{\"@type\":\"EntryPoint\",\"urlTemplate\":\"https:\\\/\\\/wallnas.se\\\/?s={search_term_string}\"},\"query-input\":{\"@type\":\"PropertyValueSpecification\",\"valueRequired\":true,\"valueName\":\"search_term_string\"}}],\"inLanguage\":\"pl-PL\"}]}<\/script>\n<!-- \/ Yoast SEO plugin. -->","yoast_head_json":{"title":"S\u00e5gverk i J\u00f6nk\u00f6ping, Sm\u00e5land f\u00f6r grova specialdimensioner","robots":{"index":"index","follow":"follow","max-snippet":"max-snippet:-1","max-image-preview":"max-image-preview:large","max-video-preview":"max-video-preview:-1"},"canonical":"https:\/\/wallnas.se\/pl_pl\/","og_locale":"pl_PL","og_type":"article","og_title":"S\u00e5gverk i J\u00f6nk\u00f6ping, Sm\u00e5land f\u00f6r grova specialdimensioner","og_description":"Huvuddelen av v\u00e5r produktion sorteras mot kundorder. Sortimentet best\u00e5r av s\u00e5gade, hyvlade och fingerskarvade produkter f\u00f6r konstruktions\u00e4ndam\u00e5l i furu och gran och av olika dimensioner, kvaliteter och l\u00e4ngderVi \u00e4r med v\u00e5rt s\u00e5gverk specialiserade p\u00e5 grova och breda virkesdimensioner, och i v\u00e5ra moderna anl\u00e4ggningar fingerskarvar och hyvlar vi de flesta typer av profiler.V\u00e4nd dig med f\u00f6rtroende [&hellip;]","og_url":"https:\/\/wallnas.se\/pl_pl\/","og_site_name":"Walln\u00e4s - S\u00e5gverk i J\u00f6nk\u00f6ping, Sm\u00e5land f\u00f6r grova specialdimensioner","article_modified_time":"2025-05-15T13:42:05+00:00","twitter_card":"summary_large_image","twitter_misc":{"Szacowany czas czytania":"2 minuty"},"schema":{"@context":"https:\/\/schema.org","@graph":[{"@type":"WebPage","@id":"https:\/\/wallnas.se\/","url":"https:\/\/wallnas.se\/","name":"S\u00e5gverk i J\u00f6nk\u00f6ping, Sm\u00e5land f\u00f6r grova specialdimensioner","isPartOf":{"@id":"https:\/\/wallnas.se\/#website"},"datePublished":"2025-05-15T12:23:26+00:00","dateModified":"2025-05-15T13:42:05+00:00","breadcrumb":{"@id":"https:\/\/wallnas.se\/#breadcrumb"},"inLanguage":"pl-PL","potentialAction":[{"@type":"ReadAction","target":["https:\/\/wallnas.se\/"]}]},{"@type":"BreadcrumbList","@id":"https:\/\/wallnas.se\/#breadcrumb","itemListElement":[{"@type":"ListItem","position":1,"name":"Hem","item":"https:\/\/wallnas.se\/"},{"@type":"ListItem","position":2,"name":"Hem"}]},{"@type":"WebSite","@id":"https:\/\/wallnas.se\/#website","url":"https:\/\/wallnas.se\/","name":"Walln\u00e4s - S\u00e5gverk i J\u00f6nk\u00f6ping, Sm\u00e5land f\u00f6r grova specialdimensioner","description":"Vi \u00e4r specialister p\u00e5 grova virkesdimensioner och grov skog. I mer \u00e4n 100 \u00e5r \u00e4r vi k\u00e4nda f\u00f6r v\u00e5r passion f\u00f6r h\u00f6g kvalitet och kundanpassade produkter. S\u00e5gverket \u00e4r v\u00e4l anpassat f\u00f6r en effektiv hantering av grova dimensioner p\u00e5 s\u00e5gat och hyvlat virke upp till 100 x 300mm.","potentialAction":[{"@type":"SearchAction","target":{"@type":"EntryPoint","urlTemplate":"https:\/\/wallnas.se\/?s={search_term_string}"},"query-input":{"@type":"PropertyValueSpecification","valueRequired":true,"valueName":"search_term_string"}}],"inLanguage":"pl-PL"}]}},"_links":{"self":[{"href":"https:\/\/wallnas.se\/pl_pl\/wp-json\/wp\/v2\/pages\/6","targetHints":{"allow":["GET"]}}],"collection":[{"href":"https:\/\/wallnas.se\/pl_pl\/wp-json\/wp\/v2\/pages"}],"about":[{"href":"https:\/\/wallnas.se\/pl_pl\/wp-json\/wp\/v2\/types\/page"}],"author":[{"embeddable":true,"href":"https:\/\/wallnas.se\/pl_pl\/wp-json\/wp\/v2\/users\/1"}],"replies":[{"embeddable":true,"href":"https:\/\/wallnas.se\/pl_pl\/wp-json\/wp\/v2\/comments?post=6"}],"version-history":[{"count":8,"href":"https:\/\/wallnas.se\/pl_pl\/wp-json\/wp\/v2\/pages\/6\/revisions"}],"predecessor-version":[{"id":149,"href":"https:\/\/wallnas.se\/pl_pl\/wp-json\/wp\/v2\/pages\/6\/revisions\/149"}],"wp:attachment":[{"href":"https:\/\/wallnas.se\/pl_pl\/wp-json\/wp\/v2\/media?parent=6"}],"curies":[{"name":"wp","href":"https:\/\/api.w.org\/{rel}","templated":true}]}}