{"id":20,"date":"2025-05-15T12:26:09","date_gmt":"2025-05-15T12:26:09","guid":{"rendered":"https:\/\/wallnas.se\/?page_id=20"},"modified":"2025-05-15T15:08:26","modified_gmt":"2025-05-15T15:08:26","slug":"mal-och-strategi","status":"publish","type":"page","link":"https:\/\/wallnas.se\/pl_pl\/om-foretaget\/mal-och-strategi\/","title":{"rendered":"Cel i strategie"},"content":{"rendered":"<p>[et_pb_section fb_built=&#8221;1&#8243; _builder_version=&#8221;4.27.4&#8243; _module_preset=&#8221;default&#8221; global_colors_info=&#8221;{}&#8221; theme_builder_area=&#8221;post_content&#8221;][et_pb_row column_structure=&#8221;1_4,3_4&#8243; _builder_version=&#8221;4.27.4&#8243; _module_preset=&#8221;default&#8221; global_colors_info=&#8221;{}&#8221; theme_builder_area=&#8221;post_content&#8221;][et_pb_column type=&#8221;1_4&#8243; _builder_version=&#8221;4.27.4&#8243; _module_preset=&#8221;default&#8221; global_colors_info=&#8221;{}&#8221; theme_builder_area=&#8221;post_content&#8221;][et_pb_sidebar show_border=&#8221;off&#8221; _builder_version=&#8221;4.27.4&#8243; _module_preset=&#8221;default&#8221; header_font=&#8221;|700|||||||&#8221; body_font=&#8221;|700|||||||&#8221; body_text_color=&#8221;#000000&#8243; body_line_height=&#8221;2.5em&#8221; global_colors_info=&#8221;{}&#8221; body_text_color__hover_enabled=&#8221;on|hover&#8221; body_text_color__hover=&#8221;#1b72ac&#8221; theme_builder_area=&#8221;post_content&#8221;][\/et_pb_sidebar][\/et_pb_column][et_pb_column type=&#8221;3_4&#8243; _builder_version=&#8221;4.27.4&#8243; _module_preset=&#8221;default&#8221; global_colors_info=&#8221;{}&#8221; theme_builder_area=&#8221;post_content&#8221;][et_pb_text _builder_version=&#8221;4.27.4&#8243; _module_preset=&#8221;default&#8221; hover_enabled=&#8221;0&#8243; global_colors_info=&#8221;{}&#8221; theme_builder_area=&#8221;post_content&#8221; sticky_enabled=&#8221;0&#8243;]<\/p>\n<h2><strong><img loading=\"lazy\" decoding=\"async\" src=\"https:\/\/wallnas.se\/wp-content\/uploads\/2025\/05\/schackpjasar.jpg\" width=\"414\" height=\"553\" alt=\"\" class=\"wp-image-212 alignright size-full\" \/>M\u00e5l och strategi<\/strong><\/h2>\n<p>Walln\u00e4s Timber AB har som strategi att kundanpassa produktionen vad g\u00e4ller leveranser, dimensioner, kvaliteter och fuktkvoter. S\u00e5gverket \u00e4r starkt nischat mot grovgran, s\u00e5gat och hyvlat i dimensioner efter kund\u00f6nskem\u00e5l upp till 100 x 300 mm.<\/p>\n<p>Walln\u00e4s Timber AB \u00e4r ocks\u00e5 m\u00e5n om sin personal, och efterstr\u00e4var en s\u00e5 bra arbetsmilj\u00f6 som m\u00f6jligt. De investeringar man gjort i ny och modernare teknik har lett till en b\u00e4ttre arbetsmilj\u00f6 f\u00f6r de anst\u00e4llda, fr\u00e4mst genom s\u00e5 kallat ber\u00f6ringsfritt arbete<\/p>\n<p>[\/et_pb_text][\/et_pb_column][\/et_pb_row][\/et_pb_section]<\/p>\n","protected":false},"excerpt":{"rendered":"<p>M\u00e5l och strategi Walln\u00e4s Timber AB har som strategi att kundanpassa produktionen vad g\u00e4ller leveranser, dimensioner, kvaliteter och fuktkvoter. S\u00e5gverket \u00e4r starkt nischat mot grovgran, s\u00e5gat och hyvlat i dimensioner efter kund\u00f6nskem\u00e5l upp till 100 x 300 mm. Walln\u00e4s Timber AB \u00e4r ocks\u00e5 m\u00e5n om sin personal, och efterstr\u00e4var en s\u00e5 bra arbetsmilj\u00f6 som m\u00f6jligt. [&hellip;]<\/p>\n","protected":false},"author":1,"featured_media":0,"parent":16,"menu_order":0,"comment_status":"closed","ping_status":"closed","template":"","meta":{"_et_pb_use_builder":"on","_et_pb_old_content":"","_et_gb_content_width":"","footnotes":""},"class_list":["post-20","page","type-page","status-publish","hentry"],"yoast_head":"<!-- This site is optimized with the Yoast SEO plugin v27.4 - https:\/\/yoast.com\/product\/yoast-seo-wordpress\/ -->\n<title>M\u00e5l och strategi - Walln\u00e4s - S\u00e5gverk i J\u00f6nk\u00f6ping, Sm\u00e5land f\u00f6r grova specialdimensioner<\/title>\n<meta name=\"robots\" content=\"index, follow, max-snippet:-1, max-image-preview:large, max-video-preview:-1\" \/>\n<link rel=\"canonical\" href=\"https:\/\/wallnas.se\/pl_pl\/om-foretaget\/mal-och-strategi\/\" \/>\n<meta property=\"og:locale\" content=\"pl_PL\" \/>\n<meta property=\"og:type\" content=\"article\" \/>\n<meta property=\"og:title\" content=\"M\u00e5l och strategi - Walln\u00e4s - S\u00e5gverk i J\u00f6nk\u00f6ping, Sm\u00e5land f\u00f6r grova specialdimensioner\" \/>\n<meta property=\"og:description\" content=\"M\u00e5l och strategi Walln\u00e4s Timber AB har som strategi att kundanpassa produktionen vad g\u00e4ller leveranser, dimensioner, kvaliteter och fuktkvoter. S\u00e5gverket \u00e4r starkt nischat mot grovgran, s\u00e5gat och hyvlat i dimensioner efter kund\u00f6nskem\u00e5l upp till 100 x 300 mm. Walln\u00e4s Timber AB \u00e4r ocks\u00e5 m\u00e5n om sin personal, och efterstr\u00e4var en s\u00e5 bra arbetsmilj\u00f6 som m\u00f6jligt. [&hellip;]\" \/>\n<meta property=\"og:url\" content=\"https:\/\/wallnas.se\/pl_pl\/om-foretaget\/mal-och-strategi\/\" \/>\n<meta property=\"og:site_name\" content=\"Walln\u00e4s - S\u00e5gverk i J\u00f6nk\u00f6ping, Sm\u00e5land f\u00f6r grova specialdimensioner\" \/>\n<meta property=\"article:modified_time\" content=\"2025-05-15T15:08:26+00:00\" \/>\n<meta property=\"og:image\" content=\"https:\/\/wallnas.se\/wp-content\/uploads\/2025\/05\/schackpjasar.jpg\" \/>\n\t<meta property=\"og:image:width\" content=\"550\" \/>\n\t<meta property=\"og:image:height\" content=\"735\" \/>\n\t<meta property=\"og:image:type\" content=\"image\/jpeg\" \/>\n<meta name=\"twitter:card\" content=\"summary_large_image\" \/>\n<meta name=\"twitter:label1\" content=\"Szacowany czas czytania\" \/>\n\t<meta name=\"twitter:data1\" content=\"1 minuta\" \/>\n<script type=\"application\/ld+json\" class=\"yoast-schema-graph\">{\"@context\":\"https:\\\/\\\/schema.org\",\"@graph\":[{\"@type\":\"WebPage\",\"@id\":\"https:\\\/\\\/wallnas.se\\\/om-foretaget\\\/mal-och-strategi\\\/\",\"url\":\"https:\\\/\\\/wallnas.se\\\/om-foretaget\\\/mal-och-strategi\\\/\",\"name\":\"M\u00e5l och strategi - Walln\u00e4s - S\u00e5gverk i J\u00f6nk\u00f6ping, Sm\u00e5land f\u00f6r grova specialdimensioner\",\"isPartOf\":{\"@id\":\"https:\\\/\\\/wallnas.se\\\/#website\"},\"primaryImageOfPage\":{\"@id\":\"https:\\\/\\\/wallnas.se\\\/om-foretaget\\\/mal-och-strategi\\\/#primaryimage\"},\"image\":{\"@id\":\"https:\\\/\\\/wallnas.se\\\/om-foretaget\\\/mal-och-strategi\\\/#primaryimage\"},\"thumbnailUrl\":\"https:\\\/\\\/wallnas.se\\\/wp-content\\\/uploads\\\/2025\\\/05\\\/schackpjasar.jpg\",\"datePublished\":\"2025-05-15T12:26:09+00:00\",\"dateModified\":\"2025-05-15T15:08:26+00:00\",\"breadcrumb\":{\"@id\":\"https:\\\/\\\/wallnas.se\\\/om-foretaget\\\/mal-och-strategi\\\/#breadcrumb\"},\"inLanguage\":\"pl-PL\",\"potentialAction\":[{\"@type\":\"ReadAction\",\"target\":[\"https:\\\/\\\/wallnas.se\\\/om-foretaget\\\/mal-och-strategi\\\/\"]}]},{\"@type\":\"ImageObject\",\"inLanguage\":\"pl-PL\",\"@id\":\"https:\\\/\\\/wallnas.se\\\/om-foretaget\\\/mal-och-strategi\\\/#primaryimage\",\"url\":\"https:\\\/\\\/wallnas.se\\\/wp-content\\\/uploads\\\/2025\\\/05\\\/schackpjasar.jpg\",\"contentUrl\":\"https:\\\/\\\/wallnas.se\\\/wp-content\\\/uploads\\\/2025\\\/05\\\/schackpjasar.jpg\"},{\"@type\":\"BreadcrumbList\",\"@id\":\"https:\\\/\\\/wallnas.se\\\/om-foretaget\\\/mal-och-strategi\\\/#breadcrumb\",\"itemListElement\":[{\"@type\":\"ListItem\",\"position\":1,\"name\":\"Hem\",\"item\":\"https:\\\/\\\/wallnas.se\\\/\"},{\"@type\":\"ListItem\",\"position\":2,\"name\":\"Om F\u00f6retaget\",\"item\":\"https:\\\/\\\/wallnas.se\\\/om-foretaget\\\/\"},{\"@type\":\"ListItem\",\"position\":3,\"name\":\"M\u00e5l och strategi\"}]},{\"@type\":\"WebSite\",\"@id\":\"https:\\\/\\\/wallnas.se\\\/#website\",\"url\":\"https:\\\/\\\/wallnas.se\\\/\",\"name\":\"Walln\u00e4s - S\u00e5gverk i J\u00f6nk\u00f6ping, Sm\u00e5land f\u00f6r grova specialdimensioner\",\"description\":\"Vi \u00e4r specialister p\u00e5 grova virkesdimensioner och grov skog. I mer \u00e4n 100 \u00e5r \u00e4r vi k\u00e4nda f\u00f6r v\u00e5r passion f\u00f6r h\u00f6g kvalitet och kundanpassade produkter. S\u00e5gverket \u00e4r v\u00e4l anpassat f\u00f6r en effektiv hantering av grova dimensioner p\u00e5 s\u00e5gat och hyvlat virke upp till 100 x 300mm.\",\"potentialAction\":[{\"@type\":\"SearchAction\",\"target\":{\"@type\":\"EntryPoint\",\"urlTemplate\":\"https:\\\/\\\/wallnas.se\\\/?s={search_term_string}\"},\"query-input\":{\"@type\":\"PropertyValueSpecification\",\"valueRequired\":true,\"valueName\":\"search_term_string\"}}],\"inLanguage\":\"pl-PL\"}]}<\/script>\n<!-- \/ Yoast SEO plugin. -->","yoast_head_json":{"title":"M\u00e5l och strategi - Walln\u00e4s - S\u00e5gverk i J\u00f6nk\u00f6ping, Sm\u00e5land f\u00f6r grova specialdimensioner","robots":{"index":"index","follow":"follow","max-snippet":"max-snippet:-1","max-image-preview":"max-image-preview:large","max-video-preview":"max-video-preview:-1"},"canonical":"https:\/\/wallnas.se\/pl_pl\/om-foretaget\/mal-och-strategi\/","og_locale":"pl_PL","og_type":"article","og_title":"M\u00e5l och strategi - Walln\u00e4s - S\u00e5gverk i J\u00f6nk\u00f6ping, Sm\u00e5land f\u00f6r grova specialdimensioner","og_description":"M\u00e5l och strategi Walln\u00e4s Timber AB har som strategi att kundanpassa produktionen vad g\u00e4ller leveranser, dimensioner, kvaliteter och fuktkvoter. S\u00e5gverket \u00e4r starkt nischat mot grovgran, s\u00e5gat och hyvlat i dimensioner efter kund\u00f6nskem\u00e5l upp till 100 x 300 mm. Walln\u00e4s Timber AB \u00e4r ocks\u00e5 m\u00e5n om sin personal, och efterstr\u00e4var en s\u00e5 bra arbetsmilj\u00f6 som m\u00f6jligt. [&hellip;]","og_url":"https:\/\/wallnas.se\/pl_pl\/om-foretaget\/mal-och-strategi\/","og_site_name":"Walln\u00e4s - S\u00e5gverk i J\u00f6nk\u00f6ping, Sm\u00e5land f\u00f6r grova specialdimensioner","article_modified_time":"2025-05-15T15:08:26+00:00","og_image":[{"width":550,"height":735,"url":"https:\/\/wallnas.se\/wp-content\/uploads\/2025\/05\/schackpjasar.jpg","type":"image\/jpeg"}],"twitter_card":"summary_large_image","twitter_misc":{"Szacowany czas czytania":"1 minuta"},"schema":{"@context":"https:\/\/schema.org","@graph":[{"@type":"WebPage","@id":"https:\/\/wallnas.se\/om-foretaget\/mal-och-strategi\/","url":"https:\/\/wallnas.se\/om-foretaget\/mal-och-strategi\/","name":"M\u00e5l och strategi - Walln\u00e4s - S\u00e5gverk i J\u00f6nk\u00f6ping, Sm\u00e5land f\u00f6r grova specialdimensioner","isPartOf":{"@id":"https:\/\/wallnas.se\/#website"},"primaryImageOfPage":{"@id":"https:\/\/wallnas.se\/om-foretaget\/mal-och-strategi\/#primaryimage"},"image":{"@id":"https:\/\/wallnas.se\/om-foretaget\/mal-och-strategi\/#primaryimage"},"thumbnailUrl":"https:\/\/wallnas.se\/wp-content\/uploads\/2025\/05\/schackpjasar.jpg","datePublished":"2025-05-15T12:26:09+00:00","dateModified":"2025-05-15T15:08:26+00:00","breadcrumb":{"@id":"https:\/\/wallnas.se\/om-foretaget\/mal-och-strategi\/#breadcrumb"},"inLanguage":"pl-PL","potentialAction":[{"@type":"ReadAction","target":["https:\/\/wallnas.se\/om-foretaget\/mal-och-strategi\/"]}]},{"@type":"ImageObject","inLanguage":"pl-PL","@id":"https:\/\/wallnas.se\/om-foretaget\/mal-och-strategi\/#primaryimage","url":"https:\/\/wallnas.se\/wp-content\/uploads\/2025\/05\/schackpjasar.jpg","contentUrl":"https:\/\/wallnas.se\/wp-content\/uploads\/2025\/05\/schackpjasar.jpg"},{"@type":"BreadcrumbList","@id":"https:\/\/wallnas.se\/om-foretaget\/mal-och-strategi\/#breadcrumb","itemListElement":[{"@type":"ListItem","position":1,"name":"Hem","item":"https:\/\/wallnas.se\/"},{"@type":"ListItem","position":2,"name":"Om F\u00f6retaget","item":"https:\/\/wallnas.se\/om-foretaget\/"},{"@type":"ListItem","position":3,"name":"M\u00e5l och strategi"}]},{"@type":"WebSite","@id":"https:\/\/wallnas.se\/#website","url":"https:\/\/wallnas.se\/","name":"Walln\u00e4s - S\u00e5gverk i J\u00f6nk\u00f6ping, Sm\u00e5land f\u00f6r grova specialdimensioner","description":"Vi \u00e4r specialister p\u00e5 grova virkesdimensioner och grov skog. I mer \u00e4n 100 \u00e5r \u00e4r vi k\u00e4nda f\u00f6r v\u00e5r passion f\u00f6r h\u00f6g kvalitet och kundanpassade produkter. S\u00e5gverket \u00e4r v\u00e4l anpassat f\u00f6r en effektiv hantering av grova dimensioner p\u00e5 s\u00e5gat och hyvlat virke upp till 100 x 300mm.","potentialAction":[{"@type":"SearchAction","target":{"@type":"EntryPoint","urlTemplate":"https:\/\/wallnas.se\/?s={search_term_string}"},"query-input":{"@type":"PropertyValueSpecification","valueRequired":true,"valueName":"search_term_string"}}],"inLanguage":"pl-PL"}]}},"_links":{"self":[{"href":"https:\/\/wallnas.se\/pl_pl\/wp-json\/wp\/v2\/pages\/20","targetHints":{"allow":["GET"]}}],"collection":[{"href":"https:\/\/wallnas.se\/pl_pl\/wp-json\/wp\/v2\/pages"}],"about":[{"href":"https:\/\/wallnas.se\/pl_pl\/wp-json\/wp\/v2\/types\/page"}],"author":[{"embeddable":true,"href":"https:\/\/wallnas.se\/pl_pl\/wp-json\/wp\/v2\/users\/1"}],"replies":[{"embeddable":true,"href":"https:\/\/wallnas.se\/pl_pl\/wp-json\/wp\/v2\/comments?post=20"}],"version-history":[{"count":3,"href":"https:\/\/wallnas.se\/pl_pl\/wp-json\/wp\/v2\/pages\/20\/revisions"}],"predecessor-version":[{"id":213,"href":"https:\/\/wallnas.se\/pl_pl\/wp-json\/wp\/v2\/pages\/20\/revisions\/213"}],"up":[{"embeddable":true,"href":"https:\/\/wallnas.se\/pl_pl\/wp-json\/wp\/v2\/pages\/16"}],"wp:attachment":[{"href":"https:\/\/wallnas.se\/pl_pl\/wp-json\/wp\/v2\/media?parent=20"}],"curies":[{"name":"wp","href":"https:\/\/api.w.org\/{rel}","templated":true}]}}