{"id":10,"date":"2025-05-15T12:24:10","date_gmt":"2025-05-15T12:24:10","guid":{"rendered":"https:\/\/wallnas.se\/?page_id=10"},"modified":"2025-05-15T14:15:59","modified_gmt":"2025-05-15T14:15:59","slug":"produkter","status":"publish","type":"page","link":"https:\/\/wallnas.se\/pl_pl\/produkter\/","title":{"rendered":"Produkty"},"content":{"rendered":"<p>[et_pb_section fb_built=&#8221;1&#8243; theme_builder_area=&#8221;post_content&#8221; _builder_version=&#8221;4.27.4&#8243; _module_preset=&#8221;default&#8221;][et_pb_row _builder_version=&#8221;4.27.4&#8243; _module_preset=&#8221;default&#8221; theme_builder_area=&#8221;post_content&#8221; column_structure=&#8221;1_4,3_4&#8243;][et_pb_column _builder_version=&#8221;4.27.4&#8243; _module_preset=&#8221;default&#8221; type=&#8221;1_4&#8243; theme_builder_area=&#8221;post_content&#8221;][\/et_pb_column][et_pb_column _builder_version=&#8221;4.27.4&#8243; _module_preset=&#8221;default&#8221; type=&#8221;3_4&#8243; theme_builder_area=&#8221;post_content&#8221;][et_pb_text _builder_version=&#8221;4.27.4&#8243; _module_preset=&#8221;default&#8221; theme_builder_area=&#8221;post_content&#8221; hover_enabled=&#8221;0&#8243; sticky_enabled=&#8221;0&#8243;]<\/p>\n<h2><strong>Sortiment<img loading=\"lazy\" decoding=\"async\" src=\"https:\/\/wallnas.se\/wp-content\/uploads\/2025\/05\/hantverkare_med_takstol-300x251.jpg\" width=\"300\" height=\"251\" alt=\"\" class=\"wp-image-153 alignright size-medium\" \/><\/strong><\/h2>\n<p>Huvuddelen av v\u00e5r produktion sorteras mot kundorder. S\u00e5gverkets sortiment best\u00e5r av s\u00e5gade tr\u00e4varor i gran och furu av olika dimensioner, kvaliteter och l\u00e4ngder.<\/p>\n<p>De vanligaste kvaliteterna f\u00f6r furu \u00e4r O\/S, V och VI med O\/S som den b\u00e4sta kvaliteten. F\u00f6r gran g\u00e4ller O\/S-V, C24, C18 och VI. L\u00e4ngderna sorteras i 30 centimeters moduler fr\u00e5n 2.4m till 5.7m<\/p>\n<h3><strong>Specialiserad p\u00e5 grova dimensioner<\/strong><\/h3>\n<p>I flera \u00e5r har vi nu varit specialiserade p\u00e5 grova dimensioner, s\u00e5gade och hyvlade, i upp till 100 x 300 mm. T\u00e4nk milj\u00f6smart och v\u00e4lj v\u00e5ra bj\u00e4lkar i grova dimensioner f\u00f6r en konstruktion som ger utrymme f\u00f6r en bra isolering.<\/p>\n<h2><strong>F\u00f6r\u00e4dling<img loading=\"lazy\" decoding=\"async\" src=\"https:\/\/wallnas.se\/wp-content\/uploads\/2025\/05\/Ny_foradling-300x200.jpg\" width=\"413\" height=\"275\" alt=\"\" class=\"wp-image-152 alignright size-medium\" \/><\/strong><\/h2>\n<p>I v\u00e5ra moderna hyvlerier bearbetar vi 100 000 m3. Per \u00e5r. Vi fingerskarvar, klyver, exaktkapar, buntar och hyvlar de flesta typer av profiler och v\u00e5r utrustning klarar dimensioner upp till 100 x 300 mm. Och 14,5 meters l\u00e4ngd.<\/p>\n<p>[\/et_pb_text][\/et_pb_column][\/et_pb_row][\/et_pb_section]<\/p>\n","protected":false},"excerpt":{"rendered":"<p>Sortiment Huvuddelen av v\u00e5r produktion sorteras mot kundorder. S\u00e5gverkets sortiment best\u00e5r av s\u00e5gade tr\u00e4varor i gran och furu av olika dimensioner, kvaliteter och l\u00e4ngder. De vanligaste kvaliteterna f\u00f6r furu \u00e4r O\/S, V och VI med O\/S som den b\u00e4sta kvaliteten. F\u00f6r gran g\u00e4ller O\/S-V, C24, C18 och VI. L\u00e4ngderna sorteras i 30 centimeters moduler fr\u00e5n [&hellip;]<\/p>\n","protected":false},"author":1,"featured_media":0,"parent":0,"menu_order":0,"comment_status":"closed","ping_status":"closed","template":"","meta":{"_et_pb_use_builder":"on","_et_pb_old_content":"","_et_gb_content_width":"","footnotes":""},"class_list":["post-10","page","type-page","status-publish","hentry"],"yoast_head":"<!-- This site is optimized with the Yoast SEO plugin v27.4 - https:\/\/yoast.com\/product\/yoast-seo-wordpress\/ -->\n<title>S\u00e4lja skog i Vimmerby, Vetlanda, Hultsfred, Oskarshamn &amp; V\u00e4stervik<\/title>\n<meta name=\"robots\" content=\"index, follow, max-snippet:-1, max-image-preview:large, max-video-preview:-1\" \/>\n<link rel=\"canonical\" href=\"https:\/\/wallnas.se\/pl_pl\/produkter\/\" \/>\n<meta property=\"og:locale\" content=\"pl_PL\" \/>\n<meta property=\"og:type\" content=\"article\" \/>\n<meta property=\"og:title\" content=\"S\u00e4lja skog i Vimmerby, Vetlanda, Hultsfred, Oskarshamn &amp; V\u00e4stervik\" \/>\n<meta property=\"og:description\" content=\"Sortiment Huvuddelen av v\u00e5r produktion sorteras mot kundorder. S\u00e5gverkets sortiment best\u00e5r av s\u00e5gade tr\u00e4varor i gran och furu av olika dimensioner, kvaliteter och l\u00e4ngder. De vanligaste kvaliteterna f\u00f6r furu \u00e4r O\/S, V och VI med O\/S som den b\u00e4sta kvaliteten. F\u00f6r gran g\u00e4ller O\/S-V, C24, C18 och VI. L\u00e4ngderna sorteras i 30 centimeters moduler fr\u00e5n [&hellip;]\" \/>\n<meta property=\"og:url\" content=\"https:\/\/wallnas.se\/pl_pl\/produkter\/\" \/>\n<meta property=\"og:site_name\" content=\"Walln\u00e4s - S\u00e5gverk i J\u00f6nk\u00f6ping, Sm\u00e5land f\u00f6r grova specialdimensioner\" \/>\n<meta property=\"article:modified_time\" content=\"2025-05-15T14:15:59+00:00\" \/>\n<meta property=\"og:image\" content=\"https:\/\/wallnas.se\/wp-content\/uploads\/2025\/05\/hantverkare_med_takstol.jpg\" \/>\n\t<meta property=\"og:image:width\" content=\"550\" \/>\n\t<meta property=\"og:image:height\" content=\"461\" \/>\n\t<meta property=\"og:image:type\" content=\"image\/jpeg\" \/>\n<meta name=\"twitter:card\" content=\"summary_large_image\" \/>\n<meta name=\"twitter:label1\" content=\"Szacowany czas czytania\" \/>\n\t<meta name=\"twitter:data1\" content=\"1 minuta\" \/>\n<script type=\"application\/ld+json\" class=\"yoast-schema-graph\">{\"@context\":\"https:\\\/\\\/schema.org\",\"@graph\":[{\"@type\":\"WebPage\",\"@id\":\"https:\\\/\\\/wallnas.se\\\/produkter\\\/\",\"url\":\"https:\\\/\\\/wallnas.se\\\/produkter\\\/\",\"name\":\"S\u00e4lja skog i Vimmerby, Vetlanda, Hultsfred, Oskarshamn & V\u00e4stervik\",\"isPartOf\":{\"@id\":\"https:\\\/\\\/wallnas.se\\\/#website\"},\"primaryImageOfPage\":{\"@id\":\"https:\\\/\\\/wallnas.se\\\/produkter\\\/#primaryimage\"},\"image\":{\"@id\":\"https:\\\/\\\/wallnas.se\\\/produkter\\\/#primaryimage\"},\"thumbnailUrl\":\"https:\\\/\\\/wallnas.se\\\/wp-content\\\/uploads\\\/2025\\\/05\\\/hantverkare_med_takstol-300x251.jpg\",\"datePublished\":\"2025-05-15T12:24:10+00:00\",\"dateModified\":\"2025-05-15T14:15:59+00:00\",\"breadcrumb\":{\"@id\":\"https:\\\/\\\/wallnas.se\\\/produkter\\\/#breadcrumb\"},\"inLanguage\":\"pl-PL\",\"potentialAction\":[{\"@type\":\"ReadAction\",\"target\":[\"https:\\\/\\\/wallnas.se\\\/produkter\\\/\"]}]},{\"@type\":\"ImageObject\",\"inLanguage\":\"pl-PL\",\"@id\":\"https:\\\/\\\/wallnas.se\\\/produkter\\\/#primaryimage\",\"url\":\"https:\\\/\\\/wallnas.se\\\/wp-content\\\/uploads\\\/2025\\\/05\\\/hantverkare_med_takstol-300x251.jpg\",\"contentUrl\":\"https:\\\/\\\/wallnas.se\\\/wp-content\\\/uploads\\\/2025\\\/05\\\/hantverkare_med_takstol-300x251.jpg\"},{\"@type\":\"BreadcrumbList\",\"@id\":\"https:\\\/\\\/wallnas.se\\\/produkter\\\/#breadcrumb\",\"itemListElement\":[{\"@type\":\"ListItem\",\"position\":1,\"name\":\"Hem\",\"item\":\"https:\\\/\\\/wallnas.se\\\/\"},{\"@type\":\"ListItem\",\"position\":2,\"name\":\"Produkter\"}]},{\"@type\":\"WebSite\",\"@id\":\"https:\\\/\\\/wallnas.se\\\/#website\",\"url\":\"https:\\\/\\\/wallnas.se\\\/\",\"name\":\"Walln\u00e4s - S\u00e5gverk i J\u00f6nk\u00f6ping, Sm\u00e5land f\u00f6r grova specialdimensioner\",\"description\":\"Vi \u00e4r specialister p\u00e5 grova virkesdimensioner och grov skog. I mer \u00e4n 100 \u00e5r \u00e4r vi k\u00e4nda f\u00f6r v\u00e5r passion f\u00f6r h\u00f6g kvalitet och kundanpassade produkter. S\u00e5gverket \u00e4r v\u00e4l anpassat f\u00f6r en effektiv hantering av grova dimensioner p\u00e5 s\u00e5gat och hyvlat virke upp till 100 x 300mm.\",\"potentialAction\":[{\"@type\":\"SearchAction\",\"target\":{\"@type\":\"EntryPoint\",\"urlTemplate\":\"https:\\\/\\\/wallnas.se\\\/?s={search_term_string}\"},\"query-input\":{\"@type\":\"PropertyValueSpecification\",\"valueRequired\":true,\"valueName\":\"search_term_string\"}}],\"inLanguage\":\"pl-PL\"}]}<\/script>\n<!-- \/ Yoast SEO plugin. -->","yoast_head_json":{"title":"S\u00e4lja skog i Vimmerby, Vetlanda, Hultsfred, Oskarshamn & V\u00e4stervik","robots":{"index":"index","follow":"follow","max-snippet":"max-snippet:-1","max-image-preview":"max-image-preview:large","max-video-preview":"max-video-preview:-1"},"canonical":"https:\/\/wallnas.se\/pl_pl\/produkter\/","og_locale":"pl_PL","og_type":"article","og_title":"S\u00e4lja skog i Vimmerby, Vetlanda, Hultsfred, Oskarshamn & V\u00e4stervik","og_description":"Sortiment Huvuddelen av v\u00e5r produktion sorteras mot kundorder. S\u00e5gverkets sortiment best\u00e5r av s\u00e5gade tr\u00e4varor i gran och furu av olika dimensioner, kvaliteter och l\u00e4ngder. De vanligaste kvaliteterna f\u00f6r furu \u00e4r O\/S, V och VI med O\/S som den b\u00e4sta kvaliteten. F\u00f6r gran g\u00e4ller O\/S-V, C24, C18 och VI. L\u00e4ngderna sorteras i 30 centimeters moduler fr\u00e5n [&hellip;]","og_url":"https:\/\/wallnas.se\/pl_pl\/produkter\/","og_site_name":"Walln\u00e4s - S\u00e5gverk i J\u00f6nk\u00f6ping, Sm\u00e5land f\u00f6r grova specialdimensioner","article_modified_time":"2025-05-15T14:15:59+00:00","og_image":[{"width":550,"height":461,"url":"https:\/\/wallnas.se\/wp-content\/uploads\/2025\/05\/hantverkare_med_takstol.jpg","type":"image\/jpeg"}],"twitter_card":"summary_large_image","twitter_misc":{"Szacowany czas czytania":"1 minuta"},"schema":{"@context":"https:\/\/schema.org","@graph":[{"@type":"WebPage","@id":"https:\/\/wallnas.se\/produkter\/","url":"https:\/\/wallnas.se\/produkter\/","name":"S\u00e4lja skog i Vimmerby, Vetlanda, Hultsfred, Oskarshamn & V\u00e4stervik","isPartOf":{"@id":"https:\/\/wallnas.se\/#website"},"primaryImageOfPage":{"@id":"https:\/\/wallnas.se\/produkter\/#primaryimage"},"image":{"@id":"https:\/\/wallnas.se\/produkter\/#primaryimage"},"thumbnailUrl":"https:\/\/wallnas.se\/wp-content\/uploads\/2025\/05\/hantverkare_med_takstol-300x251.jpg","datePublished":"2025-05-15T12:24:10+00:00","dateModified":"2025-05-15T14:15:59+00:00","breadcrumb":{"@id":"https:\/\/wallnas.se\/produkter\/#breadcrumb"},"inLanguage":"pl-PL","potentialAction":[{"@type":"ReadAction","target":["https:\/\/wallnas.se\/produkter\/"]}]},{"@type":"ImageObject","inLanguage":"pl-PL","@id":"https:\/\/wallnas.se\/produkter\/#primaryimage","url":"https:\/\/wallnas.se\/wp-content\/uploads\/2025\/05\/hantverkare_med_takstol-300x251.jpg","contentUrl":"https:\/\/wallnas.se\/wp-content\/uploads\/2025\/05\/hantverkare_med_takstol-300x251.jpg"},{"@type":"BreadcrumbList","@id":"https:\/\/wallnas.se\/produkter\/#breadcrumb","itemListElement":[{"@type":"ListItem","position":1,"name":"Hem","item":"https:\/\/wallnas.se\/"},{"@type":"ListItem","position":2,"name":"Produkter"}]},{"@type":"WebSite","@id":"https:\/\/wallnas.se\/#website","url":"https:\/\/wallnas.se\/","name":"Walln\u00e4s - S\u00e5gverk i J\u00f6nk\u00f6ping, Sm\u00e5land f\u00f6r grova specialdimensioner","description":"Vi \u00e4r specialister p\u00e5 grova virkesdimensioner och grov skog. I mer \u00e4n 100 \u00e5r \u00e4r vi k\u00e4nda f\u00f6r v\u00e5r passion f\u00f6r h\u00f6g kvalitet och kundanpassade produkter. S\u00e5gverket \u00e4r v\u00e4l anpassat f\u00f6r en effektiv hantering av grova dimensioner p\u00e5 s\u00e5gat och hyvlat virke upp till 100 x 300mm.","potentialAction":[{"@type":"SearchAction","target":{"@type":"EntryPoint","urlTemplate":"https:\/\/wallnas.se\/?s={search_term_string}"},"query-input":{"@type":"PropertyValueSpecification","valueRequired":true,"valueName":"search_term_string"}}],"inLanguage":"pl-PL"}]}},"_links":{"self":[{"href":"https:\/\/wallnas.se\/pl_pl\/wp-json\/wp\/v2\/pages\/10","targetHints":{"allow":["GET"]}}],"collection":[{"href":"https:\/\/wallnas.se\/pl_pl\/wp-json\/wp\/v2\/pages"}],"about":[{"href":"https:\/\/wallnas.se\/pl_pl\/wp-json\/wp\/v2\/types\/page"}],"author":[{"embeddable":true,"href":"https:\/\/wallnas.se\/pl_pl\/wp-json\/wp\/v2\/users\/1"}],"replies":[{"embeddable":true,"href":"https:\/\/wallnas.se\/pl_pl\/wp-json\/wp\/v2\/comments?post=10"}],"version-history":[{"count":3,"href":"https:\/\/wallnas.se\/pl_pl\/wp-json\/wp\/v2\/pages\/10\/revisions"}],"predecessor-version":[{"id":154,"href":"https:\/\/wallnas.se\/pl_pl\/wp-json\/wp\/v2\/pages\/10\/revisions\/154"}],"wp:attachment":[{"href":"https:\/\/wallnas.se\/pl_pl\/wp-json\/wp\/v2\/media?parent=10"}],"curies":[{"name":"wp","href":"https:\/\/api.w.org\/{rel}","templated":true}]}}