{"id":26,"date":"2025-05-15T12:26:52","date_gmt":"2025-05-15T12:26:52","guid":{"rendered":"https:\/\/wallnas.se\/?page_id=26"},"modified":"2025-05-15T15:24:20","modified_gmt":"2025-05-15T15:24:20","slug":"projekt","status":"publish","type":"page","link":"https:\/\/wallnas.se\/en_us\/om-foretaget\/projekt\/","title":{"rendered":"Project"},"content":{"rendered":"<p>[et_pb_section fb_built=&#8221;1&#8243; theme_builder_area=&#8221;post_content&#8221; specialty=&#8221;on&#8221; _builder_version=&#8221;4.27.4&#8243; _module_preset=&#8221;default&#8221; custom_padding=&#8221;0px||0px||false|false&#8221; hover_enabled=&#8221;0&#8243; sticky_enabled=&#8221;0&#8243;][et_pb_column type=&#8221;1_4&#8243; theme_builder_area=&#8221;post_content&#8221;][et_pb_sidebar show_border=&#8221;off&#8221; _builder_version=&#8221;4.27.4&#8243; _module_preset=&#8221;default&#8221; header_font=&#8221;|700|||||||&#8221; body_font=&#8221;|700|||||||&#8221; body_text_color=&#8221;#000000&#8243; body_line_height=&#8221;2.5em&#8221; global_colors_info=&#8221;{}&#8221; body_text_color__hover_enabled=&#8221;on|hover&#8221; body_text_color__hover=&#8221;#1b72ac&#8221; theme_builder_area=&#8221;post_content&#8221;][\/et_pb_sidebar][\/et_pb_column][et_pb_column type=&#8221;3_4&#8243; specialty_columns=&#8221;3&#8243; theme_builder_area=&#8221;post_content&#8221;][et_pb_row_inner _builder_version=&#8221;4.27.4&#8243; _module_preset=&#8221;default&#8221; theme_builder_area=&#8221;post_content&#8221; column_structure=&#8221;1_2,1_2&#8243; use_custom_gutter=&#8221;on&#8221; hover_enabled=&#8221;0&#8243; sticky_enabled=&#8221;0&#8243;][et_pb_column_inner saved_specialty_column_type=&#8221;3_4&#8243; _builder_version=&#8221;4.27.4&#8243; _module_preset=&#8221;default&#8221; type=&#8221;1_2&#8243; theme_builder_area=&#8221;post_content&#8221;][et_pb_image src=&#8221;https:\/\/wallnas.se\/wp-content\/uploads\/2025\/05\/IMG_2198.jpg&#8221; _builder_version=&#8221;4.27.4&#8243; _module_preset=&#8221;default&#8221; theme_builder_area=&#8221;post_content&#8221; title_text=&#8221;IMG_2198&#8243; show_in_lightbox=&#8221;on&#8221; hover_enabled=&#8221;0&#8243; sticky_enabled=&#8221;0&#8243;][\/et_pb_image][et_pb_text _builder_version=&#8221;4.27.4&#8243; _module_preset=&#8221;default&#8221; theme_builder_area=&#8221;post_content&#8221; hover_enabled=&#8221;0&#8243; sticky_enabled=&#8221;0&#8243;]<\/p>\n<p>Albert Engstr\u00f6ms m\u00e5lning av Vittingen fr\u00e5n 1891<\/p>\n<p>[\/et_pb_text][\/et_pb_column_inner][et_pb_column_inner saved_specialty_column_type=&#8221;3_4&#8243; _builder_version=&#8221;4.27.4&#8243; _module_preset=&#8221;default&#8221; type=&#8221;1_2&#8243; theme_builder_area=&#8221;post_content&#8221;][et_pb_image src=&#8221;https:\/\/wallnas.se\/wp-content\/uploads\/2025\/05\/IMG_2183.jpg&#8221; _builder_version=&#8221;4.27.4&#8243; _module_preset=&#8221;default&#8221; theme_builder_area=&#8221;post_content&#8221; title_text=&#8221;IMG_2183&#8243; show_in_lightbox=&#8221;on&#8221; hover_enabled=&#8221;0&#8243; sticky_enabled=&#8221;0&#8243;][\/et_pb_image][et_pb_text _builder_version=&#8221;4.27.4&#8243; _module_preset=&#8221;default&#8221; theme_builder_area=&#8221;post_content&#8221; hover_enabled=&#8221;0&#8243; sticky_enabled=&#8221;0&#8243;]<\/p>\n<p>Efter restaureringen av Vittingen<\/p>\n<p>[\/et_pb_text][\/et_pb_column_inner][\/et_pb_row_inner][et_pb_row_inner _builder_version=&#8221;4.27.4&#8243; _module_preset=&#8221;default&#8221; theme_builder_area=&#8221;post_content&#8221;][et_pb_column_inner saved_specialty_column_type=&#8221;3_4&#8243; _builder_version=&#8221;4.27.4&#8243; _module_preset=&#8221;default&#8221; theme_builder_area=&#8221;post_content&#8221;][et_pb_text _builder_version=&#8221;4.27.4&#8243; _module_preset=&#8221;default&#8221; hover_enabled=&#8221;0&#8243; global_colors_info=&#8221;{}&#8221; theme_builder_area=&#8221;post_content&#8221; sticky_enabled=&#8221;0&#8243;]<\/p>\n<h2><strong>Projekt Vittingen<\/strong><\/h2>\n<div>Vid herrg\u00e5rden i Valln\u00e4s rinner Bruza\u00e5n genom den lilla sj\u00f6n Vittingen. Sj\u00f6n har genom \u00e5ren sedimenterat igen och i \u201dProjekt Vittingen\u201d har Walln\u00e4s AB i samarbete med L\u00e4nsstyrelsen i J\u00f6nk\u00f6pings l\u00e4n restaurerat Vittingen, och \u00e5terskapat dess ursprungliga utseende och funktion. M\u00e5lbild f\u00f6r restaureringen har varit Albert Engstr\u00f6ms m\u00e5lning av Vittingen fr\u00e5n 1891. Projektet har delfinansierats med st\u00f6d ur Europeiska jordbruksfonden f\u00f6r landsbygdsutveckling. Vittingen fungerar efter restaureringen som en buffringszon i fl\u00f6desvariationerna mellan h\u00f6g- och l\u00e5gvatten, vilket ger f\u00f6ruts\u00e4ttningar f\u00f6r en f\u00f6rb\u00e4ttrad vattenkvalitet i Bruza\u00e5n. Restaureringen har \u00e4ven skapat goda f\u00f6ruts\u00e4ttningar att fungera som viltvatten och Vittingen h\u00e5ller numer ett rikt djurliv med b.la. utter s\u00e5v\u00e4l sj\u00f6- och vadarf\u00e5glar.<\/div>\n<div>\u00a0<\/div>\n<div><\/div>\n<div><img loading=\"lazy\" decoding=\"async\" src=\"https:\/\/wallnas.se\/wp-content\/uploads\/2025\/05\/EU.png\" width=\"133\" height=\"130\" alt=\"\" class=\"wp-image-227 alignnone size-full\" srcset=\"https:\/\/wallnas.se\/wp-content\/uploads\/2025\/05\/EU.png 133w, https:\/\/wallnas.se\/wp-content\/uploads\/2025\/05\/EU-12x12.png 12w\" sizes=\"(max-width: 133px) 100vw, 133px\" \/><\/div>\n<p>[\/et_pb_text][\/et_pb_column_inner][\/et_pb_row_inner][\/et_pb_column][\/et_pb_section]<\/p>\n","protected":false},"excerpt":{"rendered":"<p>Albert Engstr\u00f6ms m\u00e5lning av Vittingen fr\u00e5n 1891Efter restaureringen av VittingenProjekt Vittingen Vid herrg\u00e5rden i Valln\u00e4s rinner Bruza\u00e5n genom den lilla sj\u00f6n Vittingen. Sj\u00f6n har genom \u00e5ren sedimenterat igen och i \u201dProjekt Vittingen\u201d har Walln\u00e4s AB i samarbete med L\u00e4nsstyrelsen i J\u00f6nk\u00f6pings l\u00e4n restaurerat Vittingen, och \u00e5terskapat dess ursprungliga utseende och funktion. M\u00e5lbild f\u00f6r restaureringen har [&hellip;]<\/p>\n","protected":false},"author":1,"featured_media":0,"parent":16,"menu_order":0,"comment_status":"closed","ping_status":"closed","template":"","meta":{"_et_pb_use_builder":"on","_et_pb_old_content":"","_et_gb_content_width":"","footnotes":""},"class_list":["post-26","page","type-page","status-publish","hentry"],"yoast_head":"<!-- This site is optimized with the Yoast SEO plugin v27.3 - https:\/\/yoast.com\/product\/yoast-seo-wordpress\/ -->\n<title>Projekt - Walln\u00e4s - S\u00e5gverk i J\u00f6nk\u00f6ping, Sm\u00e5land f\u00f6r grova specialdimensioner<\/title>\n<meta name=\"robots\" content=\"index, follow, max-snippet:-1, max-image-preview:large, max-video-preview:-1\" \/>\n<link rel=\"canonical\" href=\"https:\/\/wallnas.se\/en_us\/om-foretaget\/projekt\/\" \/>\n<meta property=\"og:locale\" content=\"en_US\" \/>\n<meta property=\"og:type\" content=\"article\" \/>\n<meta property=\"og:title\" content=\"Projekt - Walln\u00e4s - S\u00e5gverk i J\u00f6nk\u00f6ping, Sm\u00e5land f\u00f6r grova specialdimensioner\" \/>\n<meta property=\"og:description\" content=\"Albert Engstr\u00f6ms m\u00e5lning av Vittingen fr\u00e5n 1891Efter restaureringen av VittingenProjekt Vittingen Vid herrg\u00e5rden i Valln\u00e4s rinner Bruza\u00e5n genom den lilla sj\u00f6n Vittingen. Sj\u00f6n har genom \u00e5ren sedimenterat igen och i \u201dProjekt Vittingen\u201d har Walln\u00e4s AB i samarbete med L\u00e4nsstyrelsen i J\u00f6nk\u00f6pings l\u00e4n restaurerat Vittingen, och \u00e5terskapat dess ursprungliga utseende och funktion. M\u00e5lbild f\u00f6r restaureringen har [&hellip;]\" \/>\n<meta property=\"og:url\" content=\"https:\/\/wallnas.se\/en_us\/om-foretaget\/projekt\/\" \/>\n<meta property=\"og:site_name\" content=\"Walln\u00e4s - S\u00e5gverk i J\u00f6nk\u00f6ping, Sm\u00e5land f\u00f6r grova specialdimensioner\" \/>\n<meta property=\"article:modified_time\" content=\"2025-05-15T15:24:20+00:00\" \/>\n<meta property=\"og:image\" content=\"https:\/\/wallnas.se\/wp-content\/uploads\/2025\/05\/EU.png\" \/>\n\t<meta property=\"og:image:width\" content=\"133\" \/>\n\t<meta property=\"og:image:height\" content=\"130\" \/>\n\t<meta property=\"og:image:type\" content=\"image\/png\" \/>\n<meta name=\"twitter:card\" content=\"summary_large_image\" \/>\n<meta name=\"twitter:label1\" content=\"Est. reading time\" \/>\n\t<meta name=\"twitter:data1\" content=\"3 minutes\" \/>\n<script type=\"application\/ld+json\" class=\"yoast-schema-graph\">{\"@context\":\"https:\\\/\\\/schema.org\",\"@graph\":[{\"@type\":\"WebPage\",\"@id\":\"https:\\\/\\\/wallnas.se\\\/om-foretaget\\\/projekt\\\/\",\"url\":\"https:\\\/\\\/wallnas.se\\\/om-foretaget\\\/projekt\\\/\",\"name\":\"Projekt - Walln\u00e4s - S\u00e5gverk i J\u00f6nk\u00f6ping, Sm\u00e5land f\u00f6r grova specialdimensioner\",\"isPartOf\":{\"@id\":\"https:\\\/\\\/wallnas.se\\\/#website\"},\"primaryImageOfPage\":{\"@id\":\"https:\\\/\\\/wallnas.se\\\/om-foretaget\\\/projekt\\\/#primaryimage\"},\"image\":{\"@id\":\"https:\\\/\\\/wallnas.se\\\/om-foretaget\\\/projekt\\\/#primaryimage\"},\"thumbnailUrl\":\"https:\\\/\\\/wallnas.se\\\/wp-content\\\/uploads\\\/2025\\\/05\\\/EU.png\",\"datePublished\":\"2025-05-15T12:26:52+00:00\",\"dateModified\":\"2025-05-15T15:24:20+00:00\",\"breadcrumb\":{\"@id\":\"https:\\\/\\\/wallnas.se\\\/om-foretaget\\\/projekt\\\/#breadcrumb\"},\"inLanguage\":\"en-US\",\"potentialAction\":[{\"@type\":\"ReadAction\",\"target\":[\"https:\\\/\\\/wallnas.se\\\/om-foretaget\\\/projekt\\\/\"]}]},{\"@type\":\"ImageObject\",\"inLanguage\":\"en-US\",\"@id\":\"https:\\\/\\\/wallnas.se\\\/om-foretaget\\\/projekt\\\/#primaryimage\",\"url\":\"https:\\\/\\\/wallnas.se\\\/wp-content\\\/uploads\\\/2025\\\/05\\\/EU.png\",\"contentUrl\":\"https:\\\/\\\/wallnas.se\\\/wp-content\\\/uploads\\\/2025\\\/05\\\/EU.png\"},{\"@type\":\"BreadcrumbList\",\"@id\":\"https:\\\/\\\/wallnas.se\\\/om-foretaget\\\/projekt\\\/#breadcrumb\",\"itemListElement\":[{\"@type\":\"ListItem\",\"position\":1,\"name\":\"Hem\",\"item\":\"https:\\\/\\\/wallnas.se\\\/\"},{\"@type\":\"ListItem\",\"position\":2,\"name\":\"Om F\u00f6retaget\",\"item\":\"https:\\\/\\\/wallnas.se\\\/om-foretaget\\\/\"},{\"@type\":\"ListItem\",\"position\":3,\"name\":\"Projekt\"}]},{\"@type\":\"WebSite\",\"@id\":\"https:\\\/\\\/wallnas.se\\\/#website\",\"url\":\"https:\\\/\\\/wallnas.se\\\/\",\"name\":\"Walln\u00e4s - S\u00e5gverk i J\u00f6nk\u00f6ping, Sm\u00e5land f\u00f6r grova specialdimensioner\",\"description\":\"Vi \u00e4r specialister p\u00e5 grova virkesdimensioner och grov skog. I mer \u00e4n 100 \u00e5r \u00e4r vi k\u00e4nda f\u00f6r v\u00e5r passion f\u00f6r h\u00f6g kvalitet och kundanpassade produkter. S\u00e5gverket \u00e4r v\u00e4l anpassat f\u00f6r en effektiv hantering av grova dimensioner p\u00e5 s\u00e5gat och hyvlat virke upp till 100 x 300mm.\",\"potentialAction\":[{\"@type\":\"SearchAction\",\"target\":{\"@type\":\"EntryPoint\",\"urlTemplate\":\"https:\\\/\\\/wallnas.se\\\/?s={search_term_string}\"},\"query-input\":{\"@type\":\"PropertyValueSpecification\",\"valueRequired\":true,\"valueName\":\"search_term_string\"}}],\"inLanguage\":\"en-US\"}]}<\/script>\n<!-- \/ Yoast SEO plugin. -->","yoast_head_json":{"title":"Projekt - Walln\u00e4s - S\u00e5gverk i J\u00f6nk\u00f6ping, Sm\u00e5land f\u00f6r grova specialdimensioner","robots":{"index":"index","follow":"follow","max-snippet":"max-snippet:-1","max-image-preview":"max-image-preview:large","max-video-preview":"max-video-preview:-1"},"canonical":"https:\/\/wallnas.se\/en_us\/om-foretaget\/projekt\/","og_locale":"en_US","og_type":"article","og_title":"Projekt - Walln\u00e4s - S\u00e5gverk i J\u00f6nk\u00f6ping, Sm\u00e5land f\u00f6r grova specialdimensioner","og_description":"Albert Engstr\u00f6ms m\u00e5lning av Vittingen fr\u00e5n 1891Efter restaureringen av VittingenProjekt Vittingen Vid herrg\u00e5rden i Valln\u00e4s rinner Bruza\u00e5n genom den lilla sj\u00f6n Vittingen. Sj\u00f6n har genom \u00e5ren sedimenterat igen och i \u201dProjekt Vittingen\u201d har Walln\u00e4s AB i samarbete med L\u00e4nsstyrelsen i J\u00f6nk\u00f6pings l\u00e4n restaurerat Vittingen, och \u00e5terskapat dess ursprungliga utseende och funktion. M\u00e5lbild f\u00f6r restaureringen har [&hellip;]","og_url":"https:\/\/wallnas.se\/en_us\/om-foretaget\/projekt\/","og_site_name":"Walln\u00e4s - S\u00e5gverk i J\u00f6nk\u00f6ping, Sm\u00e5land f\u00f6r grova specialdimensioner","article_modified_time":"2025-05-15T15:24:20+00:00","og_image":[{"width":133,"height":130,"url":"https:\/\/wallnas.se\/wp-content\/uploads\/2025\/05\/EU.png","type":"image\/png"}],"twitter_card":"summary_large_image","twitter_misc":{"Est. reading time":"3 minutes"},"schema":{"@context":"https:\/\/schema.org","@graph":[{"@type":"WebPage","@id":"https:\/\/wallnas.se\/om-foretaget\/projekt\/","url":"https:\/\/wallnas.se\/om-foretaget\/projekt\/","name":"Projekt - Walln\u00e4s - S\u00e5gverk i J\u00f6nk\u00f6ping, Sm\u00e5land f\u00f6r grova specialdimensioner","isPartOf":{"@id":"https:\/\/wallnas.se\/#website"},"primaryImageOfPage":{"@id":"https:\/\/wallnas.se\/om-foretaget\/projekt\/#primaryimage"},"image":{"@id":"https:\/\/wallnas.se\/om-foretaget\/projekt\/#primaryimage"},"thumbnailUrl":"https:\/\/wallnas.se\/wp-content\/uploads\/2025\/05\/EU.png","datePublished":"2025-05-15T12:26:52+00:00","dateModified":"2025-05-15T15:24:20+00:00","breadcrumb":{"@id":"https:\/\/wallnas.se\/om-foretaget\/projekt\/#breadcrumb"},"inLanguage":"en-US","potentialAction":[{"@type":"ReadAction","target":["https:\/\/wallnas.se\/om-foretaget\/projekt\/"]}]},{"@type":"ImageObject","inLanguage":"en-US","@id":"https:\/\/wallnas.se\/om-foretaget\/projekt\/#primaryimage","url":"https:\/\/wallnas.se\/wp-content\/uploads\/2025\/05\/EU.png","contentUrl":"https:\/\/wallnas.se\/wp-content\/uploads\/2025\/05\/EU.png"},{"@type":"BreadcrumbList","@id":"https:\/\/wallnas.se\/om-foretaget\/projekt\/#breadcrumb","itemListElement":[{"@type":"ListItem","position":1,"name":"Hem","item":"https:\/\/wallnas.se\/"},{"@type":"ListItem","position":2,"name":"Om F\u00f6retaget","item":"https:\/\/wallnas.se\/om-foretaget\/"},{"@type":"ListItem","position":3,"name":"Projekt"}]},{"@type":"WebSite","@id":"https:\/\/wallnas.se\/#website","url":"https:\/\/wallnas.se\/","name":"Walln\u00e4s - S\u00e5gverk i J\u00f6nk\u00f6ping, Sm\u00e5land f\u00f6r grova specialdimensioner","description":"Vi \u00e4r specialister p\u00e5 grova virkesdimensioner och grov skog. I mer \u00e4n 100 \u00e5r \u00e4r vi k\u00e4nda f\u00f6r v\u00e5r passion f\u00f6r h\u00f6g kvalitet och kundanpassade produkter. S\u00e5gverket \u00e4r v\u00e4l anpassat f\u00f6r en effektiv hantering av grova dimensioner p\u00e5 s\u00e5gat och hyvlat virke upp till 100 x 300mm.","potentialAction":[{"@type":"SearchAction","target":{"@type":"EntryPoint","urlTemplate":"https:\/\/wallnas.se\/?s={search_term_string}"},"query-input":{"@type":"PropertyValueSpecification","valueRequired":true,"valueName":"search_term_string"}}],"inLanguage":"en-US"}]}},"_links":{"self":[{"href":"https:\/\/wallnas.se\/en_us\/wp-json\/wp\/v2\/pages\/26","targetHints":{"allow":["GET"]}}],"collection":[{"href":"https:\/\/wallnas.se\/en_us\/wp-json\/wp\/v2\/pages"}],"about":[{"href":"https:\/\/wallnas.se\/en_us\/wp-json\/wp\/v2\/types\/page"}],"author":[{"embeddable":true,"href":"https:\/\/wallnas.se\/en_us\/wp-json\/wp\/v2\/users\/1"}],"replies":[{"embeddable":true,"href":"https:\/\/wallnas.se\/en_us\/wp-json\/wp\/v2\/comments?post=26"}],"version-history":[{"count":3,"href":"https:\/\/wallnas.se\/en_us\/wp-json\/wp\/v2\/pages\/26\/revisions"}],"predecessor-version":[{"id":230,"href":"https:\/\/wallnas.se\/en_us\/wp-json\/wp\/v2\/pages\/26\/revisions\/230"}],"up":[{"embeddable":true,"href":"https:\/\/wallnas.se\/en_us\/wp-json\/wp\/v2\/pages\/16"}],"wp:attachment":[{"href":"https:\/\/wallnas.se\/en_us\/wp-json\/wp\/v2\/media?parent=26"}],"curies":[{"name":"wp","href":"https:\/\/api.w.org\/{rel}","templated":true}]}}