{"id":18,"date":"2025-05-15T12:25:54","date_gmt":"2025-05-15T12:25:54","guid":{"rendered":"https:\/\/wallnas.se\/?page_id=18"},"modified":"2025-05-15T18:15:52","modified_gmt":"2025-05-15T18:15:52","slug":"historik-och-utveckling","status":"publish","type":"page","link":"https:\/\/wallnas.se\/de_de\/om-foretaget\/historik-och-utveckling\/","title":{"rendered":"Geschichte und Entwicklung"},"content":{"rendered":"<p>[et_pb_section fb_built=&#8221;1&#8243; _builder_version=&#8221;4.27.4&#8243; _module_preset=&#8221;default&#8221; global_colors_info=&#8221;{}&#8221;][et_pb_row column_structure=&#8221;1_4,3_4&#8243; _builder_version=&#8221;4.27.4&#8243; _module_preset=&#8221;default&#8221; global_colors_info=&#8221;{}&#8221;][et_pb_column type=&#8221;1_4&#8243; _builder_version=&#8221;4.27.4&#8243; _module_preset=&#8221;default&#8221; global_colors_info=&#8221;{}&#8221;][et_pb_sidebar show_border=&#8221;off&#8221; _builder_version=&#8221;4.27.4&#8243; _module_preset=&#8221;default&#8221; header_font=&#8221;|700|||||||&#8221; body_font=&#8221;|700|||||||&#8221; body_text_color=&#8221;#000000&#8243; body_line_height=&#8221;2.5em&#8221; global_colors_info=&#8221;{}&#8221; body_text_color__hover_enabled=&#8221;on|hover&#8221; body_text_color__hover=&#8221;#1b72ac&#8221;][\/et_pb_sidebar][\/et_pb_column][et_pb_column type=&#8221;3_4&#8243; _builder_version=&#8221;4.27.4&#8243; _module_preset=&#8221;default&#8221; global_colors_info=&#8221;{}&#8221;][et_pb_text _builder_version=&#8221;4.27.4&#8243; _module_preset=&#8221;default&#8221; hover_enabled=&#8221;0&#8243; global_colors_info=&#8221;{}&#8221; sticky_enabled=&#8221;0&#8243;]<\/p>\n<h2><strong><img loading=\"lazy\" decoding=\"async\" src=\"https:\/\/wallnas.se\/wp-content\/uploads\/2025\/05\/bild_grundare.jpg\" width=\"227\" height=\"340\" alt=\"\" class=\"wp-image-208 alignright size-full\" srcset=\"https:\/\/wallnas.se\/wp-content\/uploads\/2025\/05\/bild_grundare.jpg 201w, https:\/\/wallnas.se\/wp-content\/uploads\/2025\/05\/bild_grundare-8x12.jpg 8w\" sizes=\"(max-width: 227px) 100vw, 227px\" \/>Historik och utveckling<\/strong><\/h2>\n<h4>WALLN\u00c4S AB bildas<\/h4>\n<p>\u00d6stra delen av Sm\u00e5l\u00e4ndska H\u00f6glandet och Vimmerbydistriktet \u00e4r k\u00e4nda f\u00f6r sin h\u00f6ga virkeskvalitet av s\u00e5v\u00e4l fura som gran. H\u00e4r grundades f\u00f6r mer \u00e4n 120 \u00e5r sedan Walln\u00e4s AB.<\/p>\n<p>Bolaget bildades av riksdagsman Axel Fagerholm (se bild till h\u00f6ger) f\u00f6dd 1844 i Vimmerby. \u00c5r 1876 f\u00f6rv\u00e4rvade han Ventzelholms glasbruk med tillh\u00f6rande skogsegendom p\u00e5 ca 1000 ha. Skogsbruk blev hans stora livsintresse och efterhand k\u00f6pte han in ett flertal skogs- och lantegendomar.<\/p>\n<p>\u00c5r 1884 ink\u00f6pte han Valln\u00e4s, d\u00e4r han l\u00e4t uppf\u00f6ra en huvudbyggnad som bostad och kontor. Bland de st\u00f6rre g\u00e5rdar som f\u00f6rv\u00e4rvades kan n\u00e4mnas Ryssebo 1896, Oppreda 1908 och Sk\u00f6gle 1913.<\/p>\n<p>Den 1 juni 1896 antogs bolagsordningen:<\/p>\n<p>&#8221;Bolaget har till \u00e4ndam\u00e5l att vid Valln\u00e4s och Ventzelholm, i J\u00f6nk\u00f6pings l\u00e4n drifva glasbruks- s\u00e5gverks- och lantbruksr\u00f6relse samt annan dermed f\u00f6renlig verksamhet, \u00e4fvensom att arrendera och ink\u00f6pa egendomar. Bolaget har sitt s\u00e4te \u00e5 Valln\u00e4s&#8221;. Enligt k\u00f6pebrev ingick bl.a. s\u00e5gverksinventarier till tv\u00e5 vattens\u00e5gar och fyra \u00e5ngs\u00e5gar.<\/p>\n<h4><strong>Utveckling<\/strong><\/h4>\n<p>Det dr\u00f6jde \u00e4nda till 1913, d\u00e5 hans barn blev myndiga, innan bolagets verksamhet b\u00f6rjade ta form. Huvuddelen av Axel Fagerholms egendomar och r\u00f6relser bedrevs nu under ett tak i aktiebolagets regi.<\/p>\n<p>Glasbruket som ingick i k\u00f6pet av Ventzelholm flyttades 1897 till V\u00e4stervik och lades ner omkring 1919. S\u00e5gverksr\u00f6relsen koncentrerades tidigt till Valln\u00e4s som med egen j\u00e4rnv\u00e4gsstation hade goda utlastningsm\u00f6jligheter.<\/p>\n<p>Efter Axel Fagerholms bortg\u00e5ng 1930 tog hans barn \u00f6ver hela ansvaret f\u00f6r bolaget. Trots sv\u00e5ra tider under 30-talet och ofredstider p\u00e5 40-talet bedrevs verksamheten med framg\u00e5ng.<\/p>\n<p>En ny rams\u00e5ganl\u00e4ggning uppf\u00f6rdes 1956. Lantbruksr\u00f6relsen i egen regi avvecklades 1969.<\/p>\n<p>Idag \u00e4r Walln\u00e4s AB ett modernt s\u00e5gverksf\u00f6retag med teknik och kapacitet att tillgodose h\u00f6gt st\u00e4llda krav och f\u00f6rv\u00e4ntningar. En kontinuerlig h\u00f6g investeringstakt s\u00e4kerst\u00e4ller en effektiv produktion och ett produktsortiment med kvalit\u00e9t och tillg\u00e4nglighet som tillh\u00f6r marknadens absolut b\u00e4sta.<\/p>\n<p>2019-01-01 bildas dotterbolaget Walln\u00e4s Timber AB (WTAB) d\u00e4r s\u00e5gverksindustridelen drivs idag.<\/p>\n<p>[\/et_pb_text][\/et_pb_column][\/et_pb_row][\/et_pb_section]<\/p>\n","protected":false},"excerpt":{"rendered":"<p>Historik och utveckling WALLN\u00c4S AB bildas \u00d6stra delen av Sm\u00e5l\u00e4ndska H\u00f6glandet och Vimmerbydistriktet \u00e4r k\u00e4nda f\u00f6r sin h\u00f6ga virkeskvalitet av s\u00e5v\u00e4l fura som gran. H\u00e4r grundades f\u00f6r mer \u00e4n 120 \u00e5r sedan Walln\u00e4s AB. Bolaget bildades av riksdagsman Axel Fagerholm (se bild till h\u00f6ger) f\u00f6dd 1844 i Vimmerby. \u00c5r 1876 f\u00f6rv\u00e4rvade han Ventzelholms glasbruk med [&hellip;]<\/p>\n","protected":false},"author":1,"featured_media":0,"parent":16,"menu_order":0,"comment_status":"closed","ping_status":"closed","template":"","meta":{"_et_pb_use_builder":"on","_et_pb_old_content":"","_et_gb_content_width":"","footnotes":""},"class_list":["post-18","page","type-page","status-publish","hentry"],"yoast_head":"<!-- This site is optimized with the Yoast SEO plugin v27.3 - https:\/\/yoast.com\/product\/yoast-seo-wordpress\/ -->\n<title>Historik och utveckling - Walln\u00e4s - S\u00e5gverk i J\u00f6nk\u00f6ping, Sm\u00e5land f\u00f6r grova specialdimensioner<\/title>\n<meta name=\"robots\" content=\"index, follow, max-snippet:-1, max-image-preview:large, max-video-preview:-1\" \/>\n<link rel=\"canonical\" href=\"https:\/\/wallnas.se\/de_de\/om-foretaget\/historik-och-utveckling\/\" \/>\n<meta property=\"og:locale\" content=\"de_DE\" \/>\n<meta property=\"og:type\" content=\"article\" \/>\n<meta property=\"og:title\" content=\"Historik och utveckling - Walln\u00e4s - S\u00e5gverk i J\u00f6nk\u00f6ping, Sm\u00e5land f\u00f6r grova specialdimensioner\" \/>\n<meta property=\"og:description\" content=\"Historik och utveckling WALLN\u00c4S AB bildas \u00d6stra delen av Sm\u00e5l\u00e4ndska H\u00f6glandet och Vimmerbydistriktet \u00e4r k\u00e4nda f\u00f6r sin h\u00f6ga virkeskvalitet av s\u00e5v\u00e4l fura som gran. H\u00e4r grundades f\u00f6r mer \u00e4n 120 \u00e5r sedan Walln\u00e4s AB. Bolaget bildades av riksdagsman Axel Fagerholm (se bild till h\u00f6ger) f\u00f6dd 1844 i Vimmerby. \u00c5r 1876 f\u00f6rv\u00e4rvade han Ventzelholms glasbruk med [&hellip;]\" \/>\n<meta property=\"og:url\" content=\"https:\/\/wallnas.se\/de_de\/om-foretaget\/historik-och-utveckling\/\" \/>\n<meta property=\"og:site_name\" content=\"Walln\u00e4s - S\u00e5gverk i J\u00f6nk\u00f6ping, Sm\u00e5land f\u00f6r grova specialdimensioner\" \/>\n<meta property=\"article:modified_time\" content=\"2025-05-15T18:15:52+00:00\" \/>\n<meta property=\"og:image\" content=\"https:\/\/wallnas.se\/wp-content\/uploads\/2025\/05\/bild_grundare.jpg\" \/>\n\t<meta property=\"og:image:width\" content=\"201\" \/>\n\t<meta property=\"og:image:height\" content=\"301\" \/>\n\t<meta property=\"og:image:type\" content=\"image\/jpeg\" \/>\n<meta name=\"twitter:card\" content=\"summary_large_image\" \/>\n<meta name=\"twitter:label1\" content=\"Gesch\u00e4tzte Lesezeit\" \/>\n\t<meta name=\"twitter:data1\" content=\"2\u00a0Minuten\" \/>\n<script type=\"application\/ld+json\" class=\"yoast-schema-graph\">{\"@context\":\"https:\\\/\\\/schema.org\",\"@graph\":[{\"@type\":\"WebPage\",\"@id\":\"https:\\\/\\\/wallnas.se\\\/om-foretaget\\\/historik-och-utveckling\\\/\",\"url\":\"https:\\\/\\\/wallnas.se\\\/om-foretaget\\\/historik-och-utveckling\\\/\",\"name\":\"Historik och utveckling - Walln\u00e4s - S\u00e5gverk i J\u00f6nk\u00f6ping, Sm\u00e5land f\u00f6r grova specialdimensioner\",\"isPartOf\":{\"@id\":\"https:\\\/\\\/wallnas.se\\\/#website\"},\"primaryImageOfPage\":{\"@id\":\"https:\\\/\\\/wallnas.se\\\/om-foretaget\\\/historik-och-utveckling\\\/#primaryimage\"},\"image\":{\"@id\":\"https:\\\/\\\/wallnas.se\\\/om-foretaget\\\/historik-och-utveckling\\\/#primaryimage\"},\"thumbnailUrl\":\"https:\\\/\\\/wallnas.se\\\/wp-content\\\/uploads\\\/2025\\\/05\\\/bild_grundare.jpg\",\"datePublished\":\"2025-05-15T12:25:54+00:00\",\"dateModified\":\"2025-05-15T18:15:52+00:00\",\"breadcrumb\":{\"@id\":\"https:\\\/\\\/wallnas.se\\\/om-foretaget\\\/historik-och-utveckling\\\/#breadcrumb\"},\"inLanguage\":\"de\",\"potentialAction\":[{\"@type\":\"ReadAction\",\"target\":[\"https:\\\/\\\/wallnas.se\\\/om-foretaget\\\/historik-och-utveckling\\\/\"]}]},{\"@type\":\"ImageObject\",\"inLanguage\":\"de\",\"@id\":\"https:\\\/\\\/wallnas.se\\\/om-foretaget\\\/historik-och-utveckling\\\/#primaryimage\",\"url\":\"https:\\\/\\\/wallnas.se\\\/wp-content\\\/uploads\\\/2025\\\/05\\\/bild_grundare.jpg\",\"contentUrl\":\"https:\\\/\\\/wallnas.se\\\/wp-content\\\/uploads\\\/2025\\\/05\\\/bild_grundare.jpg\"},{\"@type\":\"BreadcrumbList\",\"@id\":\"https:\\\/\\\/wallnas.se\\\/om-foretaget\\\/historik-och-utveckling\\\/#breadcrumb\",\"itemListElement\":[{\"@type\":\"ListItem\",\"position\":1,\"name\":\"Hem\",\"item\":\"https:\\\/\\\/wallnas.se\\\/\"},{\"@type\":\"ListItem\",\"position\":2,\"name\":\"Om F\u00f6retaget\",\"item\":\"https:\\\/\\\/wallnas.se\\\/om-foretaget\\\/\"},{\"@type\":\"ListItem\",\"position\":3,\"name\":\"Historik och utveckling\"}]},{\"@type\":\"WebSite\",\"@id\":\"https:\\\/\\\/wallnas.se\\\/#website\",\"url\":\"https:\\\/\\\/wallnas.se\\\/\",\"name\":\"Walln\u00e4s - S\u00e5gverk i J\u00f6nk\u00f6ping, Sm\u00e5land f\u00f6r grova specialdimensioner\",\"description\":\"Vi \u00e4r specialister p\u00e5 grova virkesdimensioner och grov skog. I mer \u00e4n 100 \u00e5r \u00e4r vi k\u00e4nda f\u00f6r v\u00e5r passion f\u00f6r h\u00f6g kvalitet och kundanpassade produkter. S\u00e5gverket \u00e4r v\u00e4l anpassat f\u00f6r en effektiv hantering av grova dimensioner p\u00e5 s\u00e5gat och hyvlat virke upp till 100 x 300mm.\",\"potentialAction\":[{\"@type\":\"SearchAction\",\"target\":{\"@type\":\"EntryPoint\",\"urlTemplate\":\"https:\\\/\\\/wallnas.se\\\/?s={search_term_string}\"},\"query-input\":{\"@type\":\"PropertyValueSpecification\",\"valueRequired\":true,\"valueName\":\"search_term_string\"}}],\"inLanguage\":\"de\"}]}<\/script>\n<!-- \/ Yoast SEO plugin. -->","yoast_head_json":{"title":"Historik och utveckling - Walln\u00e4s - S\u00e5gverk i J\u00f6nk\u00f6ping, Sm\u00e5land f\u00f6r grova specialdimensioner","robots":{"index":"index","follow":"follow","max-snippet":"max-snippet:-1","max-image-preview":"max-image-preview:large","max-video-preview":"max-video-preview:-1"},"canonical":"https:\/\/wallnas.se\/de_de\/om-foretaget\/historik-och-utveckling\/","og_locale":"de_DE","og_type":"article","og_title":"Historik och utveckling - Walln\u00e4s - S\u00e5gverk i J\u00f6nk\u00f6ping, Sm\u00e5land f\u00f6r grova specialdimensioner","og_description":"Historik och utveckling WALLN\u00c4S AB bildas \u00d6stra delen av Sm\u00e5l\u00e4ndska H\u00f6glandet och Vimmerbydistriktet \u00e4r k\u00e4nda f\u00f6r sin h\u00f6ga virkeskvalitet av s\u00e5v\u00e4l fura som gran. H\u00e4r grundades f\u00f6r mer \u00e4n 120 \u00e5r sedan Walln\u00e4s AB. Bolaget bildades av riksdagsman Axel Fagerholm (se bild till h\u00f6ger) f\u00f6dd 1844 i Vimmerby. \u00c5r 1876 f\u00f6rv\u00e4rvade han Ventzelholms glasbruk med [&hellip;]","og_url":"https:\/\/wallnas.se\/de_de\/om-foretaget\/historik-och-utveckling\/","og_site_name":"Walln\u00e4s - S\u00e5gverk i J\u00f6nk\u00f6ping, Sm\u00e5land f\u00f6r grova specialdimensioner","article_modified_time":"2025-05-15T18:15:52+00:00","og_image":[{"width":201,"height":301,"url":"https:\/\/wallnas.se\/wp-content\/uploads\/2025\/05\/bild_grundare.jpg","type":"image\/jpeg"}],"twitter_card":"summary_large_image","twitter_misc":{"Gesch\u00e4tzte Lesezeit":"2\u00a0Minuten"},"schema":{"@context":"https:\/\/schema.org","@graph":[{"@type":"WebPage","@id":"https:\/\/wallnas.se\/om-foretaget\/historik-och-utveckling\/","url":"https:\/\/wallnas.se\/om-foretaget\/historik-och-utveckling\/","name":"Historik och utveckling - Walln\u00e4s - S\u00e5gverk i J\u00f6nk\u00f6ping, Sm\u00e5land f\u00f6r grova specialdimensioner","isPartOf":{"@id":"https:\/\/wallnas.se\/#website"},"primaryImageOfPage":{"@id":"https:\/\/wallnas.se\/om-foretaget\/historik-och-utveckling\/#primaryimage"},"image":{"@id":"https:\/\/wallnas.se\/om-foretaget\/historik-och-utveckling\/#primaryimage"},"thumbnailUrl":"https:\/\/wallnas.se\/wp-content\/uploads\/2025\/05\/bild_grundare.jpg","datePublished":"2025-05-15T12:25:54+00:00","dateModified":"2025-05-15T18:15:52+00:00","breadcrumb":{"@id":"https:\/\/wallnas.se\/om-foretaget\/historik-och-utveckling\/#breadcrumb"},"inLanguage":"de","potentialAction":[{"@type":"ReadAction","target":["https:\/\/wallnas.se\/om-foretaget\/historik-och-utveckling\/"]}]},{"@type":"ImageObject","inLanguage":"de","@id":"https:\/\/wallnas.se\/om-foretaget\/historik-och-utveckling\/#primaryimage","url":"https:\/\/wallnas.se\/wp-content\/uploads\/2025\/05\/bild_grundare.jpg","contentUrl":"https:\/\/wallnas.se\/wp-content\/uploads\/2025\/05\/bild_grundare.jpg"},{"@type":"BreadcrumbList","@id":"https:\/\/wallnas.se\/om-foretaget\/historik-och-utveckling\/#breadcrumb","itemListElement":[{"@type":"ListItem","position":1,"name":"Hem","item":"https:\/\/wallnas.se\/"},{"@type":"ListItem","position":2,"name":"Om F\u00f6retaget","item":"https:\/\/wallnas.se\/om-foretaget\/"},{"@type":"ListItem","position":3,"name":"Historik och utveckling"}]},{"@type":"WebSite","@id":"https:\/\/wallnas.se\/#website","url":"https:\/\/wallnas.se\/","name":"Walln\u00e4s - S\u00e5gverk i J\u00f6nk\u00f6ping, Sm\u00e5land f\u00f6r grova specialdimensioner","description":"Vi \u00e4r specialister p\u00e5 grova virkesdimensioner och grov skog. I mer \u00e4n 100 \u00e5r \u00e4r vi k\u00e4nda f\u00f6r v\u00e5r passion f\u00f6r h\u00f6g kvalitet och kundanpassade produkter. S\u00e5gverket \u00e4r v\u00e4l anpassat f\u00f6r en effektiv hantering av grova dimensioner p\u00e5 s\u00e5gat och hyvlat virke upp till 100 x 300mm.","potentialAction":[{"@type":"SearchAction","target":{"@type":"EntryPoint","urlTemplate":"https:\/\/wallnas.se\/?s={search_term_string}"},"query-input":{"@type":"PropertyValueSpecification","valueRequired":true,"valueName":"search_term_string"}}],"inLanguage":"de"}]}},"_links":{"self":[{"href":"https:\/\/wallnas.se\/de_de\/wp-json\/wp\/v2\/pages\/18","targetHints":{"allow":["GET"]}}],"collection":[{"href":"https:\/\/wallnas.se\/de_de\/wp-json\/wp\/v2\/pages"}],"about":[{"href":"https:\/\/wallnas.se\/de_de\/wp-json\/wp\/v2\/types\/page"}],"author":[{"embeddable":true,"href":"https:\/\/wallnas.se\/de_de\/wp-json\/wp\/v2\/users\/1"}],"replies":[{"embeddable":true,"href":"https:\/\/wallnas.se\/de_de\/wp-json\/wp\/v2\/comments?post=18"}],"version-history":[{"count":4,"href":"https:\/\/wallnas.se\/de_de\/wp-json\/wp\/v2\/pages\/18\/revisions"}],"predecessor-version":[{"id":270,"href":"https:\/\/wallnas.se\/de_de\/wp-json\/wp\/v2\/pages\/18\/revisions\/270"}],"up":[{"embeddable":true,"href":"https:\/\/wallnas.se\/de_de\/wp-json\/wp\/v2\/pages\/16"}],"wp:attachment":[{"href":"https:\/\/wallnas.se\/de_de\/wp-json\/wp\/v2\/media?parent=18"}],"curies":[{"name":"wp","href":"https:\/\/api.w.org\/{rel}","templated":true}]}}